{"id":682,"date":"2014-07-14T08:15:00","date_gmt":"2014-07-14T08:15:00","guid":{"rendered":"https:\/\/bangladesh-theproject.com\/?page_id=682"},"modified":"2014-07-16T11:25:47","modified_gmt":"2014-07-16T11:25:47","slug":"cesar-lopez-florez","status":"publish","type":"page","link":"https:\/\/bangladesh-theproject.com\/?page_id=682","title":{"rendered":"C\u00e9sar L\u00f3pez Fl\u00f3rez"},"content":{"rendered":"<figure id=\"attachment_492\" aria-describedby=\"caption-attachment-492\" style=\"width: 581px\" class=\"wp-caption aligncenter\"><a href=\"https:\/\/bangladesh-theproject.com\/wp-content\/uploads\/2014\/07\/C\u00e9sar.jpg\" data-ob=\"lightbox[682]\"><img decoding=\"async\" class=\"size-full wp-image-492\" src=\"https:\/\/bangladesh-theproject.com\/wp-content\/uploads\/2014\/07\/C\u00e9sar.jpg\" alt=\"C\u00e9sar L\u00f3pez Fl\u00f3rez\" width=\"581\" height=\"569\" srcset=\"https:\/\/bangladesh-theproject.com\/wp-content\/uploads\/2014\/07\/C\u00e9sar.jpg 581w, https:\/\/bangladesh-theproject.com\/wp-content\/uploads\/2014\/07\/C\u00e9sar-300x293.jpg 300w\" sizes=\"(max-width: 581px) 100vw, 581px\" \/><\/a><figcaption id=\"caption-attachment-492\" class=\"wp-caption-text\">C\u00e9sar L\u00f3pez Fl\u00f3rez<\/figcaption><\/figure>\n<p>Growing up C\u00e9sar spend a lot of his time helping in his fathers doctors practice. Even then he was looking for ways to help out where he could. Now he is finishing his studies in International business management, for which he studied in Italy, France, Germany and Spain. \u00a0His contribution to the Dhaka project is doing worldwide research on the social issues that we work with, such as gender diversity, homeless, low-wages and rickshaw drivers. Also C\u00e9sar is in charge of finding partners in all organizations that work in similar fields. His dream is to travel the world and discover how to work with people everywhere.<\/p>\n","protected":false},"excerpt":{"rendered":"<p>Growing up C\u00e9sar spend a lot of his time helping in his fathers doctors practice. Even then he was looking for ways to help out [&hellip;]<\/p>\n","protected":false},"author":1,"featured_media":492,"parent":0,"menu_order":0,"comment_status":"closed","ping_status":"open","template":"","meta":{"_mi_skip_tracking":false,"footnotes":""},"class_list":["post-682","page","type-page","status-publish","has-post-thumbnail","hentry"],"aioseo_notices":[],"_links":{"self":[{"href":"https:\/\/bangladesh-theproject.com\/index.php?rest_route=\/wp\/v2\/pages\/682","targetHints":{"allow":["GET"]}}],"collection":[{"href":"https:\/\/bangladesh-theproject.com\/index.php?rest_route=\/wp\/v2\/pages"}],"about":[{"href":"https:\/\/bangladesh-theproject.com\/index.php?rest_route=\/wp\/v2\/types\/page"}],"author":[{"embeddable":true,"href":"https:\/\/bangladesh-theproject.com\/index.php?rest_route=\/wp\/v2\/users\/1"}],"replies":[{"embeddable":true,"href":"https:\/\/bangladesh-theproject.com\/index.php?rest_route=%2Fwp%2Fv2%2Fcomments&post=682"}],"version-history":[{"count":2,"href":"https:\/\/bangladesh-theproject.com\/index.php?rest_route=\/wp\/v2\/pages\/682\/revisions"}],"predecessor-version":[{"id":707,"href":"https:\/\/bangladesh-theproject.com\/index.php?rest_route=\/wp\/v2\/pages\/682\/revisions\/707"}],"wp:featuredmedia":[{"embeddable":true,"href":"https:\/\/bangladesh-theproject.com\/index.php?rest_route=\/wp\/v2\/media\/492"}],"wp:attachment":[{"href":"https:\/\/bangladesh-theproject.com\/index.php?rest_route=%2Fwp%2Fv2%2Fmedia&parent=682"}],"curies":[{"name":"wp","href":"https:\/\/api.w.org\/{rel}","templated":true}]}}