{"id":488,"date":"2014-07-08T10:39:43","date_gmt":"2014-07-08T10:39:43","guid":{"rendered":"https:\/\/bangladesh-theproject.com\/?page_id=488"},"modified":"2014-08-21T08:19:07","modified_gmt":"2014-08-21T08:19:07","slug":"wall-of-people","status":"publish","type":"page","link":"https:\/\/bangladesh-theproject.com\/?page_id=488","title":{"rendered":"Wall of People"},"content":{"rendered":"<p>The Faketory and The Dhaka Project are glad to meet and work with people all over the world. This page is dedicated to them.<\/p>\n<div id='gallery-1' class='gallery galleryid-488 gallery-columns-3 gallery-size-thumbnail'><figure class='gallery-item'>\n\t\t\t<div class='gallery-icon landscape'>\n\t\t\t\t<a href='https:\/\/bangladesh-theproject.com\/?attachment_id=501'><img decoding=\"async\" width=\"150\" height=\"150\" src=\"https:\/\/bangladesh-theproject.com\/wp-content\/uploads\/2014\/07\/J\u00e9r\u00e9my-150x150.jpg\" class=\"attachment-thumbnail size-thumbnail\" alt=\"\" aria-describedby=\"gallery-1-501\" \/><\/a>\n\t\t\t<\/div>\n\t\t\t\t<figcaption class='wp-caption-text gallery-caption' id='gallery-1-501'>\n\t\t\t\tJ\u00e9r\u00e9my Couillet\n\t\t\t\t<\/figcaption><\/figure><figure class='gallery-item'>\n\t\t\t<div class='gallery-icon portrait'>\n\t\t\t\t<a href='https:\/\/bangladesh-theproject.com\/?attachment_id=698'><img decoding=\"async\" width=\"150\" height=\"150\" src=\"https:\/\/bangladesh-theproject.com\/wp-content\/uploads\/2014\/07\/Raj1-150x150.jpg\" class=\"attachment-thumbnail size-thumbnail\" alt=\"\" aria-describedby=\"gallery-1-698\" \/><\/a>\n\t\t\t<\/div>\n\t\t\t\t<figcaption class='wp-caption-text gallery-caption' id='gallery-1-698'>\n\t\t\t\tRaj\n\t\t\t\t<\/figcaption><\/figure><figure class='gallery-item'>\n\t\t\t<div class='gallery-icon portrait'>\n\t\t\t\t<a href='https:\/\/bangladesh-theproject.com\/?attachment_id=996'><img decoding=\"async\" width=\"150\" height=\"150\" src=\"https:\/\/bangladesh-theproject.com\/wp-content\/uploads\/2014\/07\/Alia-Kamal-150x150.jpg\" class=\"attachment-thumbnail size-thumbnail\" alt=\"\" aria-describedby=\"gallery-1-996\" \/><\/a>\n\t\t\t<\/div>\n\t\t\t\t<figcaption class='wp-caption-text gallery-caption' id='gallery-1-996'>\n\t\t\t\tAlia Kamal\n\t\t\t\t<\/figcaption><\/figure><figure class='gallery-item'>\n\t\t\t<div class='gallery-icon landscape'>\n\t\t\t\t<a href='https:\/\/bangladesh-theproject.com\/?attachment_id=505'><img decoding=\"async\" width=\"150\" height=\"150\" src=\"https:\/\/bangladesh-theproject.com\/wp-content\/uploads\/2014\/07\/Martijn-Crowe-150x150.jpg\" class=\"attachment-thumbnail size-thumbnail\" alt=\"\" aria-describedby=\"gallery-1-505\" \/><\/a>\n\t\t\t<\/div>\n\t\t\t\t<figcaption class='wp-caption-text gallery-caption' id='gallery-1-505'>\n\t\t\t\tMartijn Crowe\n\t\t\t\t<\/figcaption><\/figure><figure class='gallery-item'>\n\t\t\t<div class='gallery-icon portrait'>\n\t\t\t\t<a href='https:\/\/bangladesh-theproject.com\/?attachment_id=697'><img decoding=\"async\" width=\"120\" height=\"150\" src=\"https:\/\/bangladesh-theproject.com\/wp-content\/uploads\/2014\/07\/mustafa_zaman1-120x150.jpg\" class=\"attachment-thumbnail size-thumbnail\" alt=\"\" aria-describedby=\"gallery-1-697\" \/><\/a>\n\t\t\t<\/div>\n\t\t\t\t<figcaption class='wp-caption-text gallery-caption' id='gallery-1-697'>\n\t\t\t\tMustafa Zaman\n\t\t\t\t<\/figcaption><\/figure><figure class='gallery-item'>\n\t\t\t<div class='gallery-icon landscape'>\n\t\t\t\t<a href='https:\/\/bangladesh-theproject.com\/?attachment_id=492'><img decoding=\"async\" width=\"150\" height=\"150\" src=\"https:\/\/bangladesh-theproject.com\/wp-content\/uploads\/2014\/07\/C\u00e9sar-150x150.jpg\" class=\"attachment-thumbnail size-thumbnail\" alt=\"\" aria-describedby=\"gallery-1-492\" \/><\/a>\n\t\t\t<\/div>\n\t\t\t\t<figcaption class='wp-caption-text gallery-caption' id='gallery-1-492'>\n\t\t\t\tC\u00e9sar L\u00f3pez Fl\u00f3rez\n\t\t\t\t<\/figcaption><\/figure><figure class='gallery-item'>\n\t\t\t<div class='gallery-icon portrait'>\n\t\t\t\t<a href='https:\/\/bangladesh-theproject.com\/?attachment_id=964'><img decoding=\"async\" width=\"150\" height=\"150\" src=\"https:\/\/bangladesh-theproject.com\/wp-content\/uploads\/2014\/07\/Upoma-Trina-150x150.jpg\" class=\"attachment-thumbnail size-thumbnail\" alt=\"\" aria-describedby=\"gallery-1-964\" \/><\/a>\n\t\t\t<\/div>\n\t\t\t\t<figcaption class='wp-caption-text gallery-caption' id='gallery-1-964'>\n\t\t\t\tUpoma Trina\n\t\t\t\t<\/figcaption><\/figure><figure class='gallery-item'>\n\t\t\t<div class='gallery-icon landscape'>\n\t\t\t\t<a href='https:\/\/bangladesh-theproject.com\/?attachment_id=504'><img decoding=\"async\" width=\"150\" height=\"150\" src=\"https:\/\/bangladesh-theproject.com\/wp-content\/uploads\/2014\/07\/Maria-Laktionova-150x150.jpg\" class=\"attachment-thumbnail size-thumbnail\" alt=\"\" aria-describedby=\"gallery-1-504\" \/><\/a>\n\t\t\t<\/div>\n\t\t\t\t<figcaption class='wp-caption-text gallery-caption' id='gallery-1-504'>\n\t\t\t\tMaria Laktionova\n\t\t\t\t<\/figcaption><\/figure><figure class='gallery-item'>\n\t\t\t<div class='gallery-icon landscape'>\n\t\t\t\t<a href='https:\/\/bangladesh-theproject.com\/?attachment_id=506'><img decoding=\"async\" width=\"150\" height=\"150\" src=\"https:\/\/bangladesh-theproject.com\/wp-content\/uploads\/2014\/07\/Mohon-Khan-150x150.jpg\" class=\"attachment-thumbnail size-thumbnail\" alt=\"\" aria-describedby=\"gallery-1-506\" \/><\/a>\n\t\t\t<\/div>\n\t\t\t\t<figcaption class='wp-caption-text gallery-caption' id='gallery-1-506'>\n\t\t\t\tMohon Khan\n\t\t\t\t<\/figcaption><\/figure><figure class='gallery-item'>\n\t\t\t<div class='gallery-icon landscape'>\n\t\t\t\t<a href='https:\/\/bangladesh-theproject.com\/?attachment_id=498'><img decoding=\"async\" width=\"150\" height=\"150\" src=\"https:\/\/bangladesh-theproject.com\/wp-content\/uploads\/2014\/07\/An-150x150.jpg\" class=\"attachment-thumbnail size-thumbnail\" alt=\"\" aria-describedby=\"gallery-1-498\" \/><\/a>\n\t\t\t<\/div>\n\t\t\t\t<figcaption class='wp-caption-text gallery-caption' id='gallery-1-498'>\n\t\t\t\tAn Nguyen Thi Thien\n\t\t\t\t<\/figcaption><\/figure><figure class='gallery-item'>\n\t\t\t<div class='gallery-icon landscape'>\n\t\t\t\t<a href='https:\/\/bangladesh-theproject.com\/?attachment_id=767'><img decoding=\"async\" width=\"150\" height=\"150\" src=\"https:\/\/bangladesh-theproject.com\/wp-content\/uploads\/2014\/07\/Nabi-Rezaun1-150x150.jpg\" class=\"attachment-thumbnail size-thumbnail\" alt=\"\" aria-describedby=\"gallery-1-767\" \/><\/a>\n\t\t\t<\/div>\n\t\t\t\t<figcaption class='wp-caption-text gallery-caption' id='gallery-1-767'>\n\t\t\t\tNabi Rezaun\n\t\t\t\t<\/figcaption><\/figure><figure class='gallery-item'>\n\t\t\t<div class='gallery-icon landscape'>\n\t\t\t\t<a href='https:\/\/bangladesh-theproject.com\/?attachment_id=1084'><img decoding=\"async\" width=\"150\" height=\"150\" src=\"https:\/\/bangladesh-theproject.com\/wp-content\/uploads\/2014\/07\/Aroni-Chatterjee-150x150.jpg\" class=\"attachment-thumbnail size-thumbnail\" alt=\"\" aria-describedby=\"gallery-1-1084\" \/><\/a>\n\t\t\t<\/div>\n\t\t\t\t<figcaption class='wp-caption-text gallery-caption' id='gallery-1-1084'>\n\t\t\t\tAroni Chatterjee\n\t\t\t\t<\/figcaption><\/figure><figure class='gallery-item'>\n\t\t\t<div class='gallery-icon portrait'>\n\t\t\t\t<a href='https:\/\/bangladesh-theproject.com\/?attachment_id=491'><img decoding=\"async\" width=\"150\" height=\"150\" src=\"https:\/\/bangladesh-theproject.com\/wp-content\/uploads\/2014\/07\/sabya-150x150.jpg\" class=\"attachment-thumbnail size-thumbnail\" alt=\"\" aria-describedby=\"gallery-1-491\" \/><\/a>\n\t\t\t<\/div>\n\t\t\t\t<figcaption class='wp-caption-text gallery-caption' id='gallery-1-491'>\n\t\t\t\tSabya Van Elswijk\n\t\t\t\t<\/figcaption><\/figure><figure class='gallery-item'>\n\t\t\t<div class='gallery-icon portrait'>\n\t\t\t\t<a href='https:\/\/bangladesh-theproject.com\/?attachment_id=509'><img decoding=\"async\" width=\"150\" height=\"150\" src=\"https:\/\/bangladesh-theproject.com\/wp-content\/uploads\/2014\/07\/S\u00e9t1-150x150.jpg\" class=\"attachment-thumbnail size-thumbnail\" alt=\"\" aria-describedby=\"gallery-1-509\" \/><\/a>\n\t\t\t<\/div>\n\t\t\t\t<figcaption class='wp-caption-text gallery-caption' id='gallery-1-509'>\n\t\t\t\tS\u00e9t Van Oorschot \n\t\t\t\t<\/figcaption><\/figure><figure class='gallery-item'>\n\t\t\t<div class='gallery-icon portrait'>\n\t\t\t\t<a href='https:\/\/bangladesh-theproject.com\/?attachment_id=1081'><img decoding=\"async\" width=\"150\" height=\"150\" src=\"https:\/\/bangladesh-theproject.com\/wp-content\/uploads\/2014\/07\/Jenny-Kozlow-Rodriguez-150x150.jpg\" class=\"attachment-thumbnail size-thumbnail\" alt=\"\" aria-describedby=\"gallery-1-1081\" \/><\/a>\n\t\t\t<\/div>\n\t\t\t\t<figcaption class='wp-caption-text gallery-caption' id='gallery-1-1081'>\n\t\t\t\tJenny Kozlow-Rodriguez\n\t\t\t\t<\/figcaption><\/figure><figure class='gallery-item'>\n\t\t\t<div class='gallery-icon portrait'>\n\t\t\t\t<a href='https:\/\/bangladesh-theproject.com\/?attachment_id=499'><img decoding=\"async\" width=\"150\" height=\"150\" src=\"https:\/\/bangladesh-theproject.com\/wp-content\/uploads\/2014\/07\/Emran-Sohel-150x150.jpg\" class=\"attachment-thumbnail size-thumbnail\" alt=\"\" aria-describedby=\"gallery-1-499\" \/><\/a>\n\t\t\t<\/div>\n\t\t\t\t<figcaption class='wp-caption-text gallery-caption' id='gallery-1-499'>\n\t\t\t\tEmran Sohel\n\t\t\t\t<\/figcaption><\/figure><figure class='gallery-item'>\n\t\t\t<div class='gallery-icon landscape'>\n\t\t\t\t<a href='https:\/\/bangladesh-theproject.com\/?attachment_id=703'><img decoding=\"async\" width=\"150\" height=\"150\" src=\"https:\/\/bangladesh-theproject.com\/wp-content\/uploads\/2014\/07\/Donna-150x150.jpg\" class=\"attachment-thumbnail size-thumbnail\" alt=\"\" aria-describedby=\"gallery-1-703\" srcset=\"https:\/\/bangladesh-theproject.com\/wp-content\/uploads\/2014\/07\/Donna-150x150.jpg 150w, https:\/\/bangladesh-theproject.com\/wp-content\/uploads\/2014\/07\/Donna-300x300.jpg 300w, https:\/\/bangladesh-theproject.com\/wp-content\/uploads\/2014\/07\/Donna.jpg 642w\" sizes=\"(max-width: 150px) 100vw, 150px\" \/><\/a>\n\t\t\t<\/div>\n\t\t\t\t<figcaption class='wp-caption-text gallery-caption' id='gallery-1-703'>\n\t\t\t\tDonna van Oorschot\n\t\t\t\t<\/figcaption><\/figure><figure class='gallery-item'>\n\t\t\t<div class='gallery-icon portrait'>\n\t\t\t\t<a href='https:\/\/bangladesh-theproject.com\/?attachment_id=594'><img decoding=\"async\" width=\"150\" height=\"150\" src=\"https:\/\/bangladesh-theproject.com\/wp-content\/uploads\/2014\/07\/john1-150x150.jpg\" class=\"attachment-thumbnail size-thumbnail\" alt=\"\" aria-describedby=\"gallery-1-594\" \/><\/a>\n\t\t\t<\/div>\n\t\t\t\t<figcaption class='wp-caption-text gallery-caption' id='gallery-1-594'>\n\t\t\t\tJohn Magnus Dahl\n\t\t\t\t<\/figcaption><\/figure><figure class='gallery-item'>\n\t\t\t<div class='gallery-icon portrait'>\n\t\t\t\t<a href='https:\/\/bangladesh-theproject.com\/?attachment_id=502'><img decoding=\"async\" width=\"150\" height=\"150\" src=\"https:\/\/bangladesh-theproject.com\/wp-content\/uploads\/2014\/07\/Kallol-Karmakar-150x150.jpg\" class=\"attachment-thumbnail size-thumbnail\" alt=\"\" aria-describedby=\"gallery-1-502\" \/><\/a>\n\t\t\t<\/div>\n\t\t\t\t<figcaption class='wp-caption-text gallery-caption' id='gallery-1-502'>\n\t\t\t\tKallol Karmakar\n\t\t\t\t<\/figcaption><\/figure><figure class='gallery-item'>\n\t\t\t<div class='gallery-icon portrait'>\n\t\t\t\t<a href='https:\/\/bangladesh-theproject.com\/?attachment_id=556'><img decoding=\"async\" width=\"150\" height=\"150\" src=\"https:\/\/bangladesh-theproject.com\/wp-content\/uploads\/2014\/07\/Luk\u00e1\u0161-Pavel2-150x150.jpg\" class=\"attachment-thumbnail size-thumbnail\" alt=\"\" aria-describedby=\"gallery-1-556\" \/><\/a>\n\t\t\t<\/div>\n\t\t\t\t<figcaption class='wp-caption-text gallery-caption' id='gallery-1-556'>\n\t\t\t\tLuk\u00e1\u0161 Pavel\n\t\t\t\t<\/figcaption><\/figure><figure class='gallery-item'>\n\t\t\t<div class='gallery-icon landscape'>\n\t\t\t\t<a href='https:\/\/bangladesh-theproject.com\/?attachment_id=923'><img decoding=\"async\" width=\"150\" height=\"150\" src=\"https:\/\/bangladesh-theproject.com\/wp-content\/uploads\/2014\/07\/Ali-Asgar-150x150.jpg\" class=\"attachment-thumbnail size-thumbnail\" alt=\"\" aria-describedby=\"gallery-1-923\" \/><\/a>\n\t\t\t<\/div>\n\t\t\t\t<figcaption class='wp-caption-text gallery-caption' id='gallery-1-923'>\n\t\t\t\tAli Asgar\n\t\t\t\t<\/figcaption><\/figure><figure class='gallery-item'>\n\t\t\t<div class='gallery-icon landscape'>\n\t\t\t\t<a href='https:\/\/bangladesh-theproject.com\/?attachment_id=701'><img decoding=\"async\" width=\"150\" height=\"150\" src=\"https:\/\/bangladesh-theproject.com\/wp-content\/uploads\/2014\/07\/Storm-150x150.jpg\" class=\"attachment-thumbnail size-thumbnail\" alt=\"\" aria-describedby=\"gallery-1-701\" srcset=\"https:\/\/bangladesh-theproject.com\/wp-content\/uploads\/2014\/07\/Storm-150x150.jpg 150w, https:\/\/bangladesh-theproject.com\/wp-content\/uploads\/2014\/07\/Storm-300x300.jpg 300w, https:\/\/bangladesh-theproject.com\/wp-content\/uploads\/2014\/07\/Storm.jpg 960w\" sizes=\"(max-width: 150px) 100vw, 150px\" \/><\/a>\n\t\t\t<\/div>\n\t\t\t\t<figcaption class='wp-caption-text gallery-caption' id='gallery-1-701'>\n\t\t\t\tStorm van Oorschot\n\t\t\t\t<\/figcaption><\/figure><figure class='gallery-item'>\n\t\t\t<div class='gallery-icon portrait'>\n\t\t\t\t<a href='https:\/\/bangladesh-theproject.com\/?attachment_id=500'><img decoding=\"async\" width=\"150\" height=\"150\" src=\"https:\/\/bangladesh-theproject.com\/wp-content\/uploads\/2014\/07\/Jhumu-150x150.jpg\" class=\"attachment-thumbnail size-thumbnail\" alt=\"\" aria-describedby=\"gallery-1-500\" \/><\/a>\n\t\t\t<\/div>\n\t\t\t\t<figcaption class='wp-caption-text gallery-caption' id='gallery-1-500'>\n\t\t\t\tJhumu Zohara\n\t\t\t\t<\/figcaption><\/figure><figure class='gallery-item'>\n\t\t\t<div class='gallery-icon landscape'>\n\t\t\t\t<a href='https:\/\/bangladesh-theproject.com\/?attachment_id=507'><img decoding=\"async\" width=\"150\" height=\"150\" src=\"https:\/\/bangladesh-theproject.com\/wp-content\/uploads\/2014\/07\/Sumuon-150x150.jpg\" class=\"attachment-thumbnail size-thumbnail\" alt=\"\" aria-describedby=\"gallery-1-507\" \/><\/a>\n\t\t\t<\/div>\n\t\t\t\t<figcaption class='wp-caption-text gallery-caption' id='gallery-1-507'>\n\t\t\t\tSumuon\n\t\t\t\t<\/figcaption><\/figure><figure class='gallery-item'>\n\t\t\t<div class='gallery-icon landscape'>\n\t\t\t\t<a href='https:\/\/bangladesh-theproject.com\/?attachment_id=879'><img decoding=\"async\" width=\"150\" height=\"150\" src=\"https:\/\/bangladesh-theproject.com\/wp-content\/uploads\/2014\/07\/Self-Portrait-_-samsul-alam-helal-150x150.jpg\" class=\"attachment-thumbnail size-thumbnail\" alt=\"\" aria-describedby=\"gallery-1-879\" srcset=\"https:\/\/bangladesh-theproject.com\/wp-content\/uploads\/2014\/07\/Self-Portrait-_-samsul-alam-helal-150x150.jpg 150w, https:\/\/bangladesh-theproject.com\/wp-content\/uploads\/2014\/07\/Self-Portrait-_-samsul-alam-helal-300x300.jpg 300w, https:\/\/bangladesh-theproject.com\/wp-content\/uploads\/2014\/07\/Self-Portrait-_-samsul-alam-helal.jpg 849w\" sizes=\"(max-width: 150px) 100vw, 150px\" \/><\/a>\n\t\t\t<\/div>\n\t\t\t\t<figcaption class='wp-caption-text gallery-caption' id='gallery-1-879'>\n\t\t\t\tSamsul Alam Helal\n\t\t\t\t<\/figcaption><\/figure><figure class='gallery-item'>\n\t\t\t<div class='gallery-icon portrait'>\n\t\t\t\t<a href='https:\/\/bangladesh-theproject.com\/?attachment_id=146'><img decoding=\"async\" width=\"150\" height=\"150\" src=\"https:\/\/bangladesh-theproject.com\/wp-content\/uploads\/2014\/06\/600756_549812695057537_1958563391_n-150x150.jpg\" class=\"attachment-thumbnail size-thumbnail\" alt=\"\" aria-describedby=\"gallery-1-146\" \/><\/a>\n\t\t\t<\/div>\n\t\t\t\t<figcaption class='wp-caption-text gallery-caption' id='gallery-1-146'>\n\t\t\t\tRonald Van Merkesteijn\n\t\t\t\t<\/figcaption><\/figure><figure class='gallery-item'>\n\t\t\t<div class='gallery-icon landscape'>\n\t\t\t\t<a href='https:\/\/bangladesh-theproject.com\/?attachment_id=1083'><img decoding=\"async\" width=\"150\" height=\"150\" src=\"https:\/\/bangladesh-theproject.com\/wp-content\/uploads\/2014\/07\/Sabia-Nasrin-150x150.jpg\" class=\"attachment-thumbnail size-thumbnail\" alt=\"\" aria-describedby=\"gallery-1-1083\" \/><\/a>\n\t\t\t<\/div>\n\t\t\t\t<figcaption class='wp-caption-text gallery-caption' id='gallery-1-1083'>\n\t\t\t\tSabia Nasrin\n\t\t\t\t<\/figcaption><\/figure><figure class='gallery-item'>\n\t\t\t<div class='gallery-icon portrait'>\n\t\t\t\t<a href='https:\/\/bangladesh-theproject.com\/?attachment_id=765'><img decoding=\"async\" width=\"150\" height=\"150\" src=\"https:\/\/bangladesh-theproject.com\/wp-content\/uploads\/2014\/07\/Khairul-Hasan-150x150.jpg\" class=\"attachment-thumbnail size-thumbnail\" alt=\"\" aria-describedby=\"gallery-1-765\" \/><\/a>\n\t\t\t<\/div>\n\t\t\t\t<figcaption class='wp-caption-text gallery-caption' id='gallery-1-765'>\n\t\t\t\tKhairul Hasan\n\t\t\t\t<\/figcaption><\/figure><figure class='gallery-item'>\n\t\t\t<div class='gallery-icon portrait'>\n\t\t\t\t<a href='https:\/\/bangladesh-theproject.com\/?attachment_id=1117'><img decoding=\"async\" width=\"150\" height=\"150\" src=\"https:\/\/bangladesh-theproject.com\/wp-content\/uploads\/2014\/07\/chirantan-mukherjee1-150x150.jpg\" class=\"attachment-thumbnail size-thumbnail\" alt=\"\" aria-describedby=\"gallery-1-1117\" \/><\/a>\n\t\t\t<\/div>\n\t\t\t\t<figcaption class='wp-caption-text gallery-caption' id='gallery-1-1117'>\n\t\t\t\tChirantan Mukherjee\n\t\t\t\t<\/figcaption><\/figure>\n\t\t<\/div>\n\n<p>&nbsp;<\/p>\n<p>&nbsp;<\/p>\n<p>&nbsp;<\/p>\n","protected":false},"excerpt":{"rendered":"<p>The Faketory and The Dhaka Project are glad to meet and work with people all over the world. This page is dedicated to them. &nbsp; [&hellip;]<\/p>\n","protected":false},"author":1,"featured_media":483,"parent":0,"menu_order":0,"comment_status":"closed","ping_status":"open","template":"page-full-width.php","meta":{"_mi_skip_tracking":false,"footnotes":""},"class_list":["post-488","page","type-page","status-publish","has-post-thumbnail","hentry"],"aioseo_notices":[],"_links":{"self":[{"href":"https:\/\/bangladesh-theproject.com\/index.php?rest_route=\/wp\/v2\/pages\/488","targetHints":{"allow":["GET"]}}],"collection":[{"href":"https:\/\/bangladesh-theproject.com\/index.php?rest_route=\/wp\/v2\/pages"}],"about":[{"href":"https:\/\/bangladesh-theproject.com\/index.php?rest_route=\/wp\/v2\/types\/page"}],"author":[{"embeddable":true,"href":"https:\/\/bangladesh-theproject.com\/index.php?rest_route=\/wp\/v2\/users\/1"}],"replies":[{"embeddable":true,"href":"https:\/\/bangladesh-theproject.com\/index.php?rest_route=%2Fwp%2Fv2%2Fcomments&post=488"}],"version-history":[{"count":23,"href":"https:\/\/bangladesh-theproject.com\/index.php?rest_route=\/wp\/v2\/pages\/488\/revisions"}],"predecessor-version":[{"id":1118,"href":"https:\/\/bangladesh-theproject.com\/index.php?rest_route=\/wp\/v2\/pages\/488\/revisions\/1118"}],"wp:featuredmedia":[{"embeddable":true,"href":"https:\/\/bangladesh-theproject.com\/index.php?rest_route=\/wp\/v2\/media\/483"}],"wp:attachment":[{"href":"https:\/\/bangladesh-theproject.com\/index.php?rest_route=%2Fwp%2Fv2%2Fmedia&parent=488"}],"curies":[{"name":"wp","href":"https:\/\/api.w.org\/{rel}","templated":true}]}}